{"id":1129,"date":"2022-02-14T21:48:16","date_gmt":"2022-02-14T21:48:16","guid":{"rendered":"http:\/\/limarch.sk\/?page_id=1129"},"modified":"2025-03-01T08:43:08","modified_gmt":"2025-03-01T08:43:08","slug":"dom-z-68","status":"publish","type":"page","link":"https:\/\/www.limarch.sk\/?page_id=1129","title":{"rendered":"DOM  Z  68"},"content":{"rendered":"\n<p class=\"has-small-font-size\">zastavan\u00e1 plocha:&nbsp; &nbsp;<strong>80 m\u00b2<\/strong><\/p>\n\n\n\n<p class=\"has-small-font-size\">\u00fa\u017eitkov\u00e1 plocha : &nbsp;<strong>&nbsp;68 m\u00b2<\/strong><\/p>\n\n\n\n<p class=\"has-small-font-size\">podla\u017enos\u0165:&nbsp;<strong>1+podkrovie<\/strong><\/p>\n\n\n\n<p class=\"has-small-font-size\">obytn\u00e9 miestnosti:&nbsp;<strong>3<\/strong><\/p>\n\n\n<div class=\"wp-block-image\">\n<figure class=\"aligncenter size-large is-resized\"><img loading=\"lazy\" decoding=\"async\" width=\"1024\" height=\"576\" src=\"http:\/\/limarch.sk\/wp-content\/uploads\/Image1_003-1024x576.jpg\" alt=\"\" class=\"wp-image-1130\" style=\"width:640px;height:auto\" srcset=\"http:\/\/limarch.sk\/wp-content\/uploads\/Image1_003-1024x576.jpg 1024w, http:\/\/limarch.sk\/wp-content\/uploads\/Image1_003-300x169.jpg 300w, http:\/\/limarch.sk\/wp-content\/uploads\/Image1_003-768x432.jpg 768w, http:\/\/limarch.sk\/wp-content\/uploads\/Image1_003-1536x864.jpg 1536w, http:\/\/limarch.sk\/wp-content\/uploads\/Image1_003-640x360.jpg 640w, http:\/\/limarch.sk\/wp-content\/uploads\/Image1_003.jpg 1920w\" sizes=\"auto, (max-width: 1024px) 100vw, 1024px\" \/><\/figure><\/div>\n\n\n<p><\/p>\n\n\n<div class=\"wp-block-image\">\n<figure class=\"aligncenter size-large is-resized\"><img loading=\"lazy\" decoding=\"async\" width=\"1024\" height=\"576\" src=\"http:\/\/limarch.sk\/wp-content\/uploads\/Image2_003-1024x576.jpg\" alt=\"\" class=\"wp-image-1131\" style=\"width:646px;height:auto\" srcset=\"http:\/\/limarch.sk\/wp-content\/uploads\/Image2_003-1024x576.jpg 1024w, http:\/\/limarch.sk\/wp-content\/uploads\/Image2_003-300x169.jpg 300w, http:\/\/limarch.sk\/wp-content\/uploads\/Image2_003-768x432.jpg 768w, http:\/\/limarch.sk\/wp-content\/uploads\/Image2_003-1536x864.jpg 1536w, http:\/\/limarch.sk\/wp-content\/uploads\/Image2_003-640x360.jpg 640w, http:\/\/limarch.sk\/wp-content\/uploads\/Image2_003.jpg 1920w\" sizes=\"auto, (max-width: 1024px) 100vw, 1024px\" \/><\/figure><\/div>\n\n\n<p><\/p>\n\n\n<div class=\"wp-block-image\">\n<figure class=\"aligncenter size-large is-resized\"><img loading=\"lazy\" decoding=\"async\" width=\"1024\" height=\"576\" src=\"http:\/\/limarch.sk\/wp-content\/uploads\/Image4_002-1024x576.jpg\" alt=\"\" class=\"wp-image-1132\" style=\"width:644px;height:auto\" srcset=\"http:\/\/limarch.sk\/wp-content\/uploads\/Image4_002-1024x576.jpg 1024w, http:\/\/limarch.sk\/wp-content\/uploads\/Image4_002-300x169.jpg 300w, http:\/\/limarch.sk\/wp-content\/uploads\/Image4_002-768x432.jpg 768w, http:\/\/limarch.sk\/wp-content\/uploads\/Image4_002-1536x864.jpg 1536w, http:\/\/limarch.sk\/wp-content\/uploads\/Image4_002-640x360.jpg 640w, http:\/\/limarch.sk\/wp-content\/uploads\/Image4_002.jpg 1920w\" sizes=\"auto, (max-width: 1024px) 100vw, 1024px\" \/><\/figure><\/div>\n\n\n<p><\/p>\n\n\n<div class=\"wp-block-image is-resized\">\n<figure class=\"aligncenter size-large\"><img loading=\"lazy\" decoding=\"async\" width=\"1022\" height=\"1024\" src=\"http:\/\/limarch.sk\/wp-content\/uploads\/Podorys-1etapa-1022x1024.jpg\" alt=\"\" class=\"wp-image-1133\" style=\"width:540px;height:auto\" srcset=\"http:\/\/limarch.sk\/wp-content\/uploads\/Podorys-1etapa-1022x1024.jpg 1022w, http:\/\/limarch.sk\/wp-content\/uploads\/Podorys-1etapa-300x300.jpg 300w, http:\/\/limarch.sk\/wp-content\/uploads\/Podorys-1etapa-150x150.jpg 150w, http:\/\/limarch.sk\/wp-content\/uploads\/Podorys-1etapa-768x769.jpg 768w, http:\/\/limarch.sk\/wp-content\/uploads\/Podorys-1etapa-1533x1536.jpg 1533w, http:\/\/limarch.sk\/wp-content\/uploads\/Podorys-1etapa.jpg 1800w\" sizes=\"auto, (max-width: 1022px) 100vw, 1022px\" \/><\/figure><\/div>\n\n\n<p><\/p>\n\n\n<div class=\"wp-block-image is-resized\">\n<figure class=\"aligncenter size-large\"><img loading=\"lazy\" decoding=\"async\" width=\"720\" height=\"1024\" src=\"http:\/\/limarch.sk\/wp-content\/uploads\/Podorys-2etapa-720x1024.jpg\" alt=\"\" class=\"wp-image-1134\" style=\"width:510px;height:auto\" srcset=\"http:\/\/limarch.sk\/wp-content\/uploads\/Podorys-2etapa-720x1024.jpg 720w, http:\/\/limarch.sk\/wp-content\/uploads\/Podorys-2etapa-211x300.jpg 211w, http:\/\/limarch.sk\/wp-content\/uploads\/Podorys-2etapa-768x1093.jpg 768w, http:\/\/limarch.sk\/wp-content\/uploads\/Podorys-2etapa-1080x1536.jpg 1080w, http:\/\/limarch.sk\/wp-content\/uploads\/Podorys-2etapa-1439x2048.jpg 1439w, http:\/\/limarch.sk\/wp-content\/uploads\/Podorys-2etapa.jpg 1800w\" sizes=\"auto, (max-width: 720px) 100vw, 720px\" \/><\/figure><\/div>\n\n\n<p><\/p>\n\n\n<div class=\"wp-block-image\">\n<figure class=\"aligncenter size-large is-resized\"><img loading=\"lazy\" decoding=\"async\" width=\"1024\" height=\"477\" src=\"http:\/\/limarch.sk\/wp-content\/uploads\/REZ-3-1024x477.jpg\" alt=\"\" class=\"wp-image-1135\" style=\"width:566px;height:auto\" srcset=\"http:\/\/limarch.sk\/wp-content\/uploads\/REZ-3-1024x477.jpg 1024w, http:\/\/limarch.sk\/wp-content\/uploads\/REZ-3-300x140.jpg 300w, http:\/\/limarch.sk\/wp-content\/uploads\/REZ-3-768x358.jpg 768w, http:\/\/limarch.sk\/wp-content\/uploads\/REZ-3-1536x715.jpg 1536w, http:\/\/limarch.sk\/wp-content\/uploads\/REZ-3.jpg 1800w\" sizes=\"auto, (max-width: 1024px) 100vw, 1024px\" \/><\/figure><\/div>\n\n\n<p><\/p>\n\n\n<div class=\"wp-block-image\">\n<figure class=\"aligncenter size-large is-resized\"><img loading=\"lazy\" decoding=\"async\" width=\"1024\" height=\"555\" src=\"http:\/\/limarch.sk\/wp-content\/uploads\/Pohlady-5-1024x555.jpg\" alt=\"\" class=\"wp-image-1136\" style=\"aspect-ratio:1.8456014362657092;width:666px;height:auto\" srcset=\"http:\/\/limarch.sk\/wp-content\/uploads\/Pohlady-5-1024x555.jpg 1024w, http:\/\/limarch.sk\/wp-content\/uploads\/Pohlady-5-300x163.jpg 300w, http:\/\/limarch.sk\/wp-content\/uploads\/Pohlady-5-768x416.jpg 768w, http:\/\/limarch.sk\/wp-content\/uploads\/Pohlady-5-1536x833.jpg 1536w, http:\/\/limarch.sk\/wp-content\/uploads\/Pohlady-5.jpg 1800w\" sizes=\"auto, (max-width: 1024px) 100vw, 1024px\" \/><\/figure><\/div>\n\n\n<p><\/p>\n","protected":false},"excerpt":{"rendered":"<p>zastavan\u00e1 plocha:&nbsp; &nbsp;80 m\u00b2 \u00fa\u017eitkov\u00e1 plocha : &nbsp;&nbsp;68 m\u00b2 podla\u017enos\u0165:&nbsp;1+podkrovie obytn\u00e9 miestnosti:&nbsp;3<\/p>\n","protected":false},"author":1,"featured_media":0,"parent":0,"menu_order":0,"comment_status":"closed","ping_status":"closed","template":"page-template-fullwidth.php","meta":{"footnotes":""},"class_list":["post-1129","page","type-page","status-publish","hentry"],"_links":{"self":[{"href":"https:\/\/www.limarch.sk\/index.php?rest_route=\/wp\/v2\/pages\/1129","targetHints":{"allow":["GET"]}}],"collection":[{"href":"https:\/\/www.limarch.sk\/index.php?rest_route=\/wp\/v2\/pages"}],"about":[{"href":"https:\/\/www.limarch.sk\/index.php?rest_route=\/wp\/v2\/types\/page"}],"author":[{"embeddable":true,"href":"https:\/\/www.limarch.sk\/index.php?rest_route=\/wp\/v2\/users\/1"}],"replies":[{"embeddable":true,"href":"https:\/\/www.limarch.sk\/index.php?rest_route=%2Fwp%2Fv2%2Fcomments&post=1129"}],"version-history":[{"count":5,"href":"https:\/\/www.limarch.sk\/index.php?rest_route=\/wp\/v2\/pages\/1129\/revisions"}],"predecessor-version":[{"id":1711,"href":"https:\/\/www.limarch.sk\/index.php?rest_route=\/wp\/v2\/pages\/1129\/revisions\/1711"}],"wp:attachment":[{"href":"https:\/\/www.limarch.sk\/index.php?rest_route=%2Fwp%2Fv2%2Fmedia&parent=1129"}],"curies":[{"name":"wp","href":"https:\/\/api.w.org\/{rel}","templated":true}]}}