{"id":1231,"date":"2022-12-16T14:43:57","date_gmt":"2022-12-16T14:43:57","guid":{"rendered":"http:\/\/limarch.sk\/?page_id=1231"},"modified":"2025-03-01T09:06:29","modified_gmt":"2025-03-01T09:06:29","slug":"dom-b40","status":"publish","type":"page","link":"https:\/\/www.limarch.sk\/?page_id=1231","title":{"rendered":"DOM B40"},"content":{"rendered":"\n<p class=\"has-small-font-size\">zastavan\u00e1 plocha:&nbsp; &nbsp;<strong>40 m\u00b2<\/strong><\/p>\n\n\n\n<p class=\"has-small-font-size\">\u00fa\u017eitkov\u00e1 plocha : &nbsp;<strong>&nbsp;63 m\u00b2<\/strong><\/p>\n\n\n\n<p class=\"has-small-font-size\">podla\u017enos\u0165:&nbsp;<strong>1+podkrovie<\/strong><\/p>\n\n\n\n<p class=\"has-small-font-size\">obytn\u00e9 miestnosti:&nbsp;<strong>4<\/strong><\/p>\n\n\n<div class=\"wp-block-image\">\n<figure class=\"aligncenter size-full is-resized\"><img loading=\"lazy\" decoding=\"async\" width=\"1146\" height=\"1395\" src=\"http:\/\/limarch.sk\/wp-content\/uploads\/2023\/07\/web2.jpg\" alt=\"\" class=\"wp-image-1562\" style=\"width:584px;height:auto\" srcset=\"http:\/\/limarch.sk\/wp-content\/uploads\/2023\/07\/web2.jpg 1146w, http:\/\/limarch.sk\/wp-content\/uploads\/2023\/07\/web2-822x1000.jpg 822w, http:\/\/limarch.sk\/wp-content\/uploads\/2023\/07\/web2-768x935.jpg 768w\" sizes=\"auto, (max-width: 1146px) 100vw, 1146px\" \/><\/figure><\/div>\n\n\n<p><\/p>\n\n\n<div class=\"wp-block-image is-resized\">\n<figure class=\"aligncenter size-large\"><img loading=\"lazy\" decoding=\"async\" width=\"1024\" height=\"768\" src=\"http:\/\/limarch.sk\/wp-content\/uploads\/web-3-1024x768.jpg\" alt=\"\" class=\"wp-image-1256\" style=\"width:584px;height:auto\" srcset=\"http:\/\/limarch.sk\/wp-content\/uploads\/web-3-1024x768.jpg 1024w, http:\/\/limarch.sk\/wp-content\/uploads\/web-3-300x225.jpg 300w, http:\/\/limarch.sk\/wp-content\/uploads\/web-3-768x576.jpg 768w, http:\/\/limarch.sk\/wp-content\/uploads\/web-3-1536x1152.jpg 1536w, http:\/\/limarch.sk\/wp-content\/uploads\/web-3.jpg 1800w\" sizes=\"auto, (max-width: 1024px) 100vw, 1024px\" \/><\/figure><\/div>\n\n\n<p><\/p>\n\n\n<div class=\"wp-block-image is-resized\">\n<figure class=\"aligncenter size-large\"><img loading=\"lazy\" decoding=\"async\" width=\"674\" height=\"1024\" src=\"http:\/\/limarch.sk\/wp-content\/uploads\/rd-B40-situacia-674x1024.jpg\" alt=\"\" class=\"wp-image-1232\" style=\"width:378px;height:auto\" srcset=\"http:\/\/limarch.sk\/wp-content\/uploads\/rd-B40-situacia-674x1024.jpg 674w, http:\/\/limarch.sk\/wp-content\/uploads\/rd-B40-situacia-198x300.jpg 198w, http:\/\/limarch.sk\/wp-content\/uploads\/rd-B40-situacia-768x1167.jpg 768w, http:\/\/limarch.sk\/wp-content\/uploads\/rd-B40-situacia-1011x1536.jpg 1011w, http:\/\/limarch.sk\/wp-content\/uploads\/rd-B40-situacia.jpg 1185w\" sizes=\"auto, (max-width: 674px) 100vw, 674px\" \/><\/figure><\/div>\n\n\n<p><\/p>\n\n\n<div class=\"wp-block-image is-resized\">\n<figure class=\"aligncenter size-large\"><img loading=\"lazy\" decoding=\"async\" width=\"1024\" height=\"1001\" src=\"http:\/\/limarch.sk\/wp-content\/uploads\/rd-B40-1.NP_-1024x1001.jpg\" alt=\"\" class=\"wp-image-1233\" style=\"width:412px;height:auto\" srcset=\"http:\/\/limarch.sk\/wp-content\/uploads\/rd-B40-1.NP_-1024x1001.jpg 1024w, http:\/\/limarch.sk\/wp-content\/uploads\/rd-B40-1.NP_-300x293.jpg 300w, http:\/\/limarch.sk\/wp-content\/uploads\/rd-B40-1.NP_-768x751.jpg 768w, http:\/\/limarch.sk\/wp-content\/uploads\/rd-B40-1.NP_.jpg 1500w\" sizes=\"auto, (max-width: 1024px) 100vw, 1024px\" \/><\/figure><\/div>\n\n\n<p><\/p>\n\n\n<div class=\"wp-block-image is-resized\">\n<figure class=\"aligncenter size-large\"><img loading=\"lazy\" decoding=\"async\" width=\"962\" height=\"1024\" src=\"http:\/\/limarch.sk\/wp-content\/uploads\/rd-B40-podkrovie-962x1024.jpg\" alt=\"\" class=\"wp-image-1234\" style=\"width:362px;height:auto\" srcset=\"http:\/\/limarch.sk\/wp-content\/uploads\/rd-B40-podkrovie-962x1024.jpg 962w, http:\/\/limarch.sk\/wp-content\/uploads\/rd-B40-podkrovie-282x300.jpg 282w, http:\/\/limarch.sk\/wp-content\/uploads\/rd-B40-podkrovie-768x818.jpg 768w, http:\/\/limarch.sk\/wp-content\/uploads\/rd-B40-podkrovie-1443x1536.jpg 1443w, http:\/\/limarch.sk\/wp-content\/uploads\/rd-B40-podkrovie.jpg 1500w\" sizes=\"auto, (max-width: 962px) 100vw, 962px\" \/><\/figure><\/div>\n\n\n<p><\/p>\n\n\n<div class=\"wp-block-image is-resized\">\n<figure class=\"aligncenter size-large\"><img loading=\"lazy\" decoding=\"async\" width=\"899\" height=\"1024\" src=\"http:\/\/limarch.sk\/wp-content\/uploads\/rd-B40-rez-899x1024.jpg\" alt=\"\" class=\"wp-image-1235\" style=\"width:380px;height:auto\" srcset=\"http:\/\/limarch.sk\/wp-content\/uploads\/rd-B40-rez-899x1024.jpg 899w, http:\/\/limarch.sk\/wp-content\/uploads\/rd-B40-rez-263x300.jpg 263w, http:\/\/limarch.sk\/wp-content\/uploads\/rd-B40-rez-768x875.jpg 768w, http:\/\/limarch.sk\/wp-content\/uploads\/rd-B40-rez-1348x1536.jpg 1348w, http:\/\/limarch.sk\/wp-content\/uploads\/rd-B40-rez.jpg 1500w\" sizes=\"auto, (max-width: 899px) 100vw, 899px\" \/><\/figure><\/div>\n\n\n<p><\/p>\n\n\n<div class=\"wp-block-image is-resized\">\n<figure class=\"aligncenter size-large\"><img loading=\"lazy\" decoding=\"async\" width=\"1015\" height=\"1024\" src=\"http:\/\/limarch.sk\/wp-content\/uploads\/rd-B40-pohlady-1015x1024.jpg\" alt=\"\" class=\"wp-image-1236\" style=\"width:444px;height:auto\" srcset=\"http:\/\/limarch.sk\/wp-content\/uploads\/rd-B40-pohlady-1015x1024.jpg 1015w, http:\/\/limarch.sk\/wp-content\/uploads\/rd-B40-pohlady-297x300.jpg 297w, http:\/\/limarch.sk\/wp-content\/uploads\/rd-B40-pohlady-150x150.jpg 150w, http:\/\/limarch.sk\/wp-content\/uploads\/rd-B40-pohlady-768x775.jpg 768w, http:\/\/limarch.sk\/wp-content\/uploads\/rd-B40-pohlady.jpg 1487w\" sizes=\"auto, (max-width: 1015px) 100vw, 1015px\" \/><\/figure><\/div>","protected":false},"excerpt":{"rendered":"<p>zastavan\u00e1 plocha:&nbsp; &nbsp;40 m\u00b2 \u00fa\u017eitkov\u00e1 plocha : &nbsp;&nbsp;63 m\u00b2 podla\u017enos\u0165:&nbsp;1+podkrovie obytn\u00e9 miestnosti:&nbsp;4<\/p>\n","protected":false},"author":1,"featured_media":0,"parent":0,"menu_order":0,"comment_status":"closed","ping_status":"closed","template":"page-template-fullwidth.php","meta":{"footnotes":""},"class_list":["post-1231","page","type-page","status-publish","hentry"],"_links":{"self":[{"href":"https:\/\/www.limarch.sk\/index.php?rest_route=\/wp\/v2\/pages\/1231","targetHints":{"allow":["GET"]}}],"collection":[{"href":"https:\/\/www.limarch.sk\/index.php?rest_route=\/wp\/v2\/pages"}],"about":[{"href":"https:\/\/www.limarch.sk\/index.php?rest_route=\/wp\/v2\/types\/page"}],"author":[{"embeddable":true,"href":"https:\/\/www.limarch.sk\/index.php?rest_route=\/wp\/v2\/users\/1"}],"replies":[{"embeddable":true,"href":"https:\/\/www.limarch.sk\/index.php?rest_route=%2Fwp%2Fv2%2Fcomments&post=1231"}],"version-history":[{"count":13,"href":"https:\/\/www.limarch.sk\/index.php?rest_route=\/wp\/v2\/pages\/1231\/revisions"}],"predecessor-version":[{"id":1722,"href":"https:\/\/www.limarch.sk\/index.php?rest_route=\/wp\/v2\/pages\/1231\/revisions\/1722"}],"wp:attachment":[{"href":"https:\/\/www.limarch.sk\/index.php?rest_route=%2Fwp%2Fv2%2Fmedia&parent=1231"}],"curies":[{"name":"wp","href":"https:\/\/api.w.org\/{rel}","templated":true}]}}