{"id":1350,"date":"2024-04-24T15:53:44","date_gmt":"2024-04-24T15:53:44","guid":{"rendered":"http:\/\/limarch.sk\/?page_id=1350"},"modified":"2025-03-01T08:24:54","modified_gmt":"2025-03-01T08:24:54","slug":"dom-n","status":"publish","type":"page","link":"https:\/\/www.limarch.sk\/?page_id=1350","title":{"rendered":"DOM N"},"content":{"rendered":"\n<p class=\"has-black-color has-text-color has-small-font-size\">zastavan\u00e1 plocha:&nbsp; &nbsp;<strong>40 m\u00b2<\/strong><\/p>\n\n\n\n<p class=\"has-black-color has-text-color has-small-font-size\">\u00fa\u017eitkov\u00e1 plocha : &nbsp;<strong> 35 m\u00b2<\/strong><\/p>\n\n\n\n<p class=\"has-black-color has-text-color has-small-font-size\">podla\u017enos\u0165: <strong> <strong>1+podkrovie<\/strong> <\/strong><\/p>\n\n\n\n<p class=\"has-black-color has-text-color has-small-font-size\">obytn\u00e9 miestnosti: <strong>2<\/strong><\/p>\n\n\n\n<p class=\"has-small-font-size\"><\/p>\n\n\n<div class=\"wp-block-image is-resized\">\n<figure class=\"aligncenter size-large\"><img loading=\"lazy\" decoding=\"async\" width=\"1024\" height=\"576\" src=\"http:\/\/limarch.sk\/wp-content\/uploads\/OBRAZOK-3_000-1024x576.jpg\" alt=\"\" class=\"wp-image-1347\" style=\"width:600px;height:auto\" srcset=\"http:\/\/limarch.sk\/wp-content\/uploads\/OBRAZOK-3_000-1024x576.jpg 1024w, http:\/\/limarch.sk\/wp-content\/uploads\/OBRAZOK-3_000-300x169.jpg 300w, http:\/\/limarch.sk\/wp-content\/uploads\/OBRAZOK-3_000-768x432.jpg 768w, http:\/\/limarch.sk\/wp-content\/uploads\/OBRAZOK-3_000-1536x864.jpg 1536w, http:\/\/limarch.sk\/wp-content\/uploads\/OBRAZOK-3_000-640x360.jpg 640w, http:\/\/limarch.sk\/wp-content\/uploads\/OBRAZOK-3_000.jpg 1920w\" sizes=\"auto, (max-width: 1024px) 100vw, 1024px\" \/><\/figure><\/div>\n\n\n<p><\/p>\n\n\n<div class=\"wp-block-image\">\n<figure class=\"aligncenter size-large is-resized\"><img loading=\"lazy\" decoding=\"async\" width=\"1024\" height=\"576\" src=\"http:\/\/limarch.sk\/wp-content\/uploads\/OBRAZOK-2-1-1024x576.jpg\" alt=\"\" class=\"wp-image-1346\" style=\"width:600px;height:auto\" srcset=\"http:\/\/limarch.sk\/wp-content\/uploads\/OBRAZOK-2-1-1024x576.jpg 1024w, http:\/\/limarch.sk\/wp-content\/uploads\/OBRAZOK-2-1-300x169.jpg 300w, http:\/\/limarch.sk\/wp-content\/uploads\/OBRAZOK-2-1-768x432.jpg 768w, http:\/\/limarch.sk\/wp-content\/uploads\/OBRAZOK-2-1-1536x864.jpg 1536w, http:\/\/limarch.sk\/wp-content\/uploads\/OBRAZOK-2-1-640x360.jpg 640w, http:\/\/limarch.sk\/wp-content\/uploads\/OBRAZOK-2-1.jpg 1920w\" sizes=\"auto, (max-width: 1024px) 100vw, 1024px\" \/><\/figure><\/div>\n\n\n<p><\/p>\n\n\n<div class=\"wp-block-image\">\n<figure class=\"aligncenter size-large is-resized\"><img loading=\"lazy\" decoding=\"async\" width=\"591\" height=\"1024\" src=\"http:\/\/limarch.sk\/wp-content\/uploads\/TIny-N-40-591x1024.jpg\" alt=\"\" class=\"wp-image-1348\" style=\"width:523px;height:auto\" srcset=\"http:\/\/limarch.sk\/wp-content\/uploads\/TIny-N-40-591x1024.jpg 591w, http:\/\/limarch.sk\/wp-content\/uploads\/TIny-N-40-173x300.jpg 173w, http:\/\/limarch.sk\/wp-content\/uploads\/TIny-N-40-768x1332.jpg 768w, http:\/\/limarch.sk\/wp-content\/uploads\/TIny-N-40-886x1536.jpg 886w, http:\/\/limarch.sk\/wp-content\/uploads\/TIny-N-40-1181x2048.jpg 1181w, http:\/\/limarch.sk\/wp-content\/uploads\/TIny-N-40-scaled.jpg 1476w\" sizes=\"auto, (max-width: 591px) 100vw, 591px\" \/><\/figure><\/div>","protected":false},"excerpt":{"rendered":"<p>zastavan\u00e1 plocha:&nbsp; &nbsp;40 m\u00b2 \u00fa\u017eitkov\u00e1 plocha : &nbsp; 35 m\u00b2 podla\u017enos\u0165: 1+podkrovie obytn\u00e9 miestnosti: 2<\/p>\n","protected":false},"author":1,"featured_media":1346,"parent":0,"menu_order":0,"comment_status":"closed","ping_status":"closed","template":"page-template-fullwidth.php","meta":{"footnotes":""},"class_list":["post-1350","page","type-page","status-publish","has-post-thumbnail","hentry"],"_links":{"self":[{"href":"https:\/\/www.limarch.sk\/index.php?rest_route=\/wp\/v2\/pages\/1350","targetHints":{"allow":["GET"]}}],"collection":[{"href":"https:\/\/www.limarch.sk\/index.php?rest_route=\/wp\/v2\/pages"}],"about":[{"href":"https:\/\/www.limarch.sk\/index.php?rest_route=\/wp\/v2\/types\/page"}],"author":[{"embeddable":true,"href":"https:\/\/www.limarch.sk\/index.php?rest_route=\/wp\/v2\/users\/1"}],"replies":[{"embeddable":true,"href":"https:\/\/www.limarch.sk\/index.php?rest_route=%2Fwp%2Fv2%2Fcomments&post=1350"}],"version-history":[{"count":4,"href":"https:\/\/www.limarch.sk\/index.php?rest_route=\/wp\/v2\/pages\/1350\/revisions"}],"predecessor-version":[{"id":1694,"href":"https:\/\/www.limarch.sk\/index.php?rest_route=\/wp\/v2\/pages\/1350\/revisions\/1694"}],"wp:featuredmedia":[{"embeddable":true,"href":"https:\/\/www.limarch.sk\/index.php?rest_route=\/wp\/v2\/media\/1346"}],"wp:attachment":[{"href":"https:\/\/www.limarch.sk\/index.php?rest_route=%2Fwp%2Fv2%2Fmedia&parent=1350"}],"curies":[{"name":"wp","href":"https:\/\/api.w.org\/{rel}","templated":true}]}}