{"id":813,"date":"2021-12-12T18:07:58","date_gmt":"2021-12-12T18:07:58","guid":{"rendered":"http:\/\/limarch.sk\/?page_id=813"},"modified":"2025-03-01T09:00:36","modified_gmt":"2025-03-01T09:00:36","slug":"domy","status":"publish","type":"page","link":"https:\/\/www.limarch.sk\/?page_id=813","title":{"rendered":"JEDNODUCH\u00c9  DOMY"},"content":{"rendered":"\n<div class=\"wp-block-media-text alignwide is-stacked-on-mobile has-background\" style=\"background-color:#f2f2f299;grid-template-columns:65% auto\"><figure class=\"wp-block-media-text__media\"><a href=\"http:\/\/limarch.sk\/?page_id=1350\"><img loading=\"lazy\" decoding=\"async\" width=\"1024\" height=\"576\" src=\"http:\/\/limarch.sk\/wp-content\/uploads\/OBRAZOK-2-1-1024x576.jpg\" alt=\"\" class=\"wp-image-1346 size-full\" srcset=\"http:\/\/limarch.sk\/wp-content\/uploads\/OBRAZOK-2-1-1024x576.jpg 1024w, http:\/\/limarch.sk\/wp-content\/uploads\/OBRAZOK-2-1-300x169.jpg 300w, http:\/\/limarch.sk\/wp-content\/uploads\/OBRAZOK-2-1-768x432.jpg 768w, http:\/\/limarch.sk\/wp-content\/uploads\/OBRAZOK-2-1-1536x864.jpg 1536w, http:\/\/limarch.sk\/wp-content\/uploads\/OBRAZOK-2-1-640x360.jpg 640w, http:\/\/limarch.sk\/wp-content\/uploads\/OBRAZOK-2-1.jpg 1920w\" sizes=\"auto, (max-width: 1024px) 100vw, 1024px\" \/><\/a><\/figure><div class=\"wp-block-media-text__content\">\n<h1 class=\"wp-block-heading has-text-color\" style=\"color:#000000;font-size:25px\"><a href=\"https:\/\/www.limarch.sk\/?page_id=1350\" data-type=\"page\" data-id=\"1350\">DOM N<\/a><strong> <\/strong><\/h1>\n\n\n\n<hr class=\"wp-block-separator has-alpha-channel-opacity\"\/>\n\n\n\n<p class=\"has-black-color has-text-color has-small-font-size\"><strong>zastavan\u00e1 plocha:<\/strong>&nbsp; &nbsp;40 m\u00b2<\/p>\n\n\n\n<p class=\"has-black-color has-text-color has-small-font-size\"><strong>\u00fa\u017eitkov\u00e1 plocha : <\/strong>&nbsp;<strong> <\/strong>35 m\u00b2<\/p>\n\n\n\n<p class=\"has-black-color has-text-color has-small-font-size\"><strong>podla\u017enos\u0165:<\/strong> <strong> <\/strong>1+podkrovie <\/p>\n\n\n\n<p class=\"has-black-color has-text-color has-small-font-size\"><strong>obytn\u00e9 miestnosti:<\/strong> <strong>2<\/strong><\/p>\n\n\n\n<p class=\"has-black-color has-text-color\"><\/p>\n\n\n\n<div class=\"wp-block-buttons is-layout-flex wp-block-buttons-is-layout-flex\"><\/div>\n<\/div><\/div>\n\n\n\n<div class=\"wp-block-media-text alignwide is-stacked-on-mobile\" style=\"grid-template-columns:65% auto\"><figure class=\"wp-block-media-text__media\"><a href=\"http:\/\/limarch.sk\/?page_id=1231\"><img decoding=\"async\" src=\"http:\/\/limarch.sk\/wp-content\/uploads\/web-2-1-1024x768.jpg\" alt=\"\" class=\"wp-image-1260 size-full\"\/><\/a><\/figure><div class=\"wp-block-media-text__content\">\n<h1 class=\"wp-block-heading has-text-color\" style=\"color:#000000;font-size:25px\"><a href=\"https:\/\/www.limarch.sk\/?page_id=1231\" data-type=\"page\" data-id=\"1231\">DOM B <\/a><\/h1>\n\n\n\n<hr class=\"wp-block-separator has-alpha-channel-opacity\"\/>\n\n\n\n<p class=\"has-black-color has-text-color has-small-font-size\">zastavan\u00e1 plocha:&nbsp; &nbsp;<strong>40 m\u00b2<\/strong><\/p>\n\n\n\n<p class=\"has-black-color has-text-color has-small-font-size\">\u00fa\u017eitkov\u00e1 plocha : &nbsp;<strong> 63 m\u00b2<\/strong><\/p>\n\n\n\n<p class=\"has-black-color has-text-color has-small-font-size\">podla\u017enos\u0165: <strong> <strong>1+podkrovie<\/strong> <\/strong><\/p>\n\n\n\n<p class=\"has-black-color has-text-color has-small-font-size\">obytn\u00e9 miestnosti: <strong>4<\/strong><\/p>\n\n\n\n<p class=\"has-black-color has-text-color\"><\/p>\n\n\n\n<p><\/p>\n\n\n\n<div class=\"wp-block-buttons is-layout-flex wp-block-buttons-is-layout-flex\"><\/div>\n<\/div><\/div>\n\n\n\n<div class=\"wp-block-media-text alignwide is-stacked-on-mobile has-background\" style=\"background-color:#f2f2f299;grid-template-columns:65% auto\"><figure class=\"wp-block-media-text__media\"><a href=\"http:\/\/limarch.sk\/?page_id=933\"><img loading=\"lazy\" decoding=\"async\" width=\"1024\" height=\"576\" src=\"http:\/\/limarch.sk\/wp-content\/uploads\/Image5-1024x576.jpg\" alt=\"\" class=\"wp-image-725 size-full\" srcset=\"http:\/\/limarch.sk\/wp-content\/uploads\/Image5-1024x576.jpg 1024w, http:\/\/limarch.sk\/wp-content\/uploads\/Image5-300x169.jpg 300w, http:\/\/limarch.sk\/wp-content\/uploads\/Image5-640x360.jpg 640w, http:\/\/limarch.sk\/wp-content\/uploads\/Image5.jpg 1200w\" sizes=\"auto, (max-width: 1024px) 100vw, 1024px\" \/><\/a><\/figure><div class=\"wp-block-media-text__content\">\n<h2 class=\"wp-block-heading has-text-color\" style=\"color:#000000;font-size:25px\"><strong><a href=\"https:\/\/www.limarch.sk\/?page_id=933\" data-type=\"page\" data-id=\"933\">DOM NA KOLES\u00c1CH<\/a><\/strong><\/h2>\n\n\n\n<hr class=\"wp-block-separator has-alpha-channel-opacity\"\/>\n\n\n\n<p class=\"has-black-color has-text-color has-small-font-size\">zastavan\u00e1 plocha:&nbsp; &nbsp;<strong>15,8 m\u00b2<\/strong><\/p>\n\n\n\n<p class=\"has-black-color has-text-color has-small-font-size\">\u00fa\u017eitkov\u00e1 plocha : &nbsp;<strong> 16,5 m\u00b2<\/strong><\/p>\n\n\n\n<p class=\"has-black-color has-text-color has-small-font-size\">podla\u017enos\u0165: <strong>1+podkrovie<\/strong><\/p>\n\n\n\n<p class=\"has-black-color has-text-color has-small-font-size\">obytn\u00e9 miestnosti: <strong>1<\/strong><\/p>\n\n\n\n<p class=\"has-black-color has-text-color has-small-font-size\"><\/p>\n\n\n\n<p><\/p>\n\n\n\n<div class=\"wp-block-buttons is-layout-flex wp-block-buttons-is-layout-flex\"><\/div>\n<\/div><\/div>\n\n\n\n<div class=\"wp-block-media-text alignwide is-stacked-on-mobile\" style=\"grid-template-columns:65% auto\"><figure class=\"wp-block-media-text__media\"><a href=\"http:\/\/limarch.sk\/?page_id=940\"><img loading=\"lazy\" decoding=\"async\" width=\"1024\" height=\"624\" src=\"http:\/\/limarch.sk\/wp-content\/uploads\/Image5-1-1024x624.jpg\" alt=\"\" class=\"wp-image-868 size-full\" srcset=\"http:\/\/limarch.sk\/wp-content\/uploads\/Image5-1-1024x624.jpg 1024w, http:\/\/limarch.sk\/wp-content\/uploads\/Image5-1-300x183.jpg 300w, http:\/\/limarch.sk\/wp-content\/uploads\/Image5-1-768x468.jpg 768w, http:\/\/limarch.sk\/wp-content\/uploads\/Image5-1.jpg 1530w\" sizes=\"auto, (max-width: 1024px) 100vw, 1024px\" \/><\/a><\/figure><div class=\"wp-block-media-text__content\">\n<h2 class=\"wp-block-heading has-text-color\" style=\"color:#000000;font-size:25px\"><a href=\"https:\/\/www.limarch.sk\/?page_id=940\" data-type=\"page\" data-id=\"940\">MOBILN\u00dd DOM S<\/a><\/h2>\n\n\n\n<hr class=\"wp-block-separator has-alpha-channel-opacity\"\/>\n\n\n\n<p class=\"has-black-color has-text-color has-small-font-size\">zastavan\u00e1 plocha:&nbsp; &nbsp;<strong>50 m\u00b2<\/strong><\/p>\n\n\n\n<p class=\"has-black-color has-text-color has-small-font-size\">\u00fa\u017eitkov\u00e1 plocha : &nbsp;<strong> 40 m\u00b2<\/strong><\/p>\n\n\n\n<p class=\"has-black-color has-text-color has-small-font-size\">podla\u017enos\u0165: <strong>1<\/strong><\/p>\n\n\n\n<p class=\"has-black-color has-text-color has-small-font-size\">obytn\u00e9 miestnosti: <strong>2<\/strong><\/p>\n\n\n\n<p class=\"has-black-color has-text-color has-small-font-size\"><\/p>\n\n\n\n<p class=\"has-small-font-size\"><\/p>\n\n\n\n<div class=\"wp-block-buttons is-layout-flex wp-block-buttons-is-layout-flex\"><\/div>\n<\/div><\/div>\n\n\n\n<div class=\"wp-block-media-text alignwide is-stacked-on-mobile has-background\" style=\"background-color:#f2f2f299;grid-template-columns:65% auto\"><figure class=\"wp-block-media-text__media\"><a href=\"http:\/\/limarch.sk\/?page_id=944\"><img loading=\"lazy\" decoding=\"async\" width=\"1024\" height=\"768\" src=\"http:\/\/limarch.sk\/wp-content\/uploads\/20200827_084106-s-1024x768.jpg\" alt=\"\" class=\"wp-image-473 size-full\" srcset=\"http:\/\/limarch.sk\/wp-content\/uploads\/20200827_084106-s-1024x768.jpg 1024w, http:\/\/limarch.sk\/wp-content\/uploads\/20200827_084106-s-300x225.jpg 300w, http:\/\/limarch.sk\/wp-content\/uploads\/20200827_084106-s.jpg 1200w\" sizes=\"auto, (max-width: 1024px) 100vw, 1024px\" \/><\/a><\/figure><div class=\"wp-block-media-text__content\">\n<h2 class=\"wp-block-heading has-text-color\" style=\"color:#000000;font-size:25px\"><strong><a href=\"https:\/\/www.limarch.sk\/?page_id=944\" data-type=\"page\" data-id=\"944\">DOM M<\/a> <\/strong><\/h2>\n\n\n\n<hr class=\"wp-block-separator has-alpha-channel-opacity\"\/>\n\n\n\n<p class=\"has-black-color has-text-color has-small-font-size\">zastavan\u00e1 plocha:&nbsp; &nbsp;<strong>25 m\u00b2<\/strong><\/p>\n\n\n\n<p class=\"has-black-color has-text-color has-small-font-size\">\u00fa\u017eitkov\u00e1 plocha : &nbsp;<strong> 23 m\u00b2<\/strong><\/p>\n\n\n\n<p class=\"has-black-color has-text-color has-small-font-size\">podla\u017enos\u0165: <strong>1+podkrovie<\/strong><\/p>\n\n\n\n<p class=\"has-black-color has-text-color has-small-font-size\">obytn\u00e9 miestnosti: <strong>2<\/strong><\/p>\n\n\n\n<p class=\"has-black-color has-text-color has-small-font-size\"><\/p>\n\n\n\n<p><\/p>\n\n\n\n<div class=\"wp-block-buttons is-layout-flex wp-block-buttons-is-layout-flex\"><\/div>\n<\/div><\/div>\n\n\n\n<div class=\"wp-block-media-text alignwide is-stacked-on-mobile is-vertically-aligned-center\" style=\"grid-template-columns:65% auto\"><figure class=\"wp-block-media-text__media\"><a href=\"http:\/\/limarch.sk\/?page_id=966\"><img loading=\"lazy\" decoding=\"async\" width=\"1024\" height=\"576\" src=\"http:\/\/limarch.sk\/wp-content\/uploads\/Image1_000-1024x576.jpg\" alt=\"\" class=\"wp-image-1068 size-full\" srcset=\"http:\/\/limarch.sk\/wp-content\/uploads\/Image1_000-1024x576.jpg 1024w, http:\/\/limarch.sk\/wp-content\/uploads\/Image1_000-300x169.jpg 300w, http:\/\/limarch.sk\/wp-content\/uploads\/Image1_000-768x432.jpg 768w, http:\/\/limarch.sk\/wp-content\/uploads\/Image1_000-1536x864.jpg 1536w, http:\/\/limarch.sk\/wp-content\/uploads\/Image1_000-640x360.jpg 640w, http:\/\/limarch.sk\/wp-content\/uploads\/Image1_000.jpg 1920w\" sizes=\"auto, (max-width: 1024px) 100vw, 1024px\" \/><\/a><\/figure><div class=\"wp-block-media-text__content\">\n<h2 class=\"wp-block-heading has-text-color\" style=\"color:#000000;font-size:25px\"><a href=\"https:\/\/www.limarch.sk\/?page_id=966\" data-type=\"page\" data-id=\"966\"><strong>DOM<\/strong> <strong>L<\/strong><\/a><strong> <\/strong><\/h2>\n\n\n\n<hr class=\"wp-block-separator has-alpha-channel-opacity\"\/>\n\n\n\n<p class=\"has-black-color has-text-color has-small-font-size\">zastavan\u00e1 plocha:&nbsp; &nbsp;<strong>74 m\u00b2<\/strong><\/p>\n\n\n\n<p class=\"has-black-color has-text-color has-small-font-size\">\u00fa\u017eitkov\u00e1 plocha : &nbsp;<strong> 58 m\u00b2<\/strong><\/p>\n\n\n\n<p class=\"has-black-color has-text-color has-small-font-size\">podla\u017enos\u0165: <strong>1<\/strong><\/p>\n\n\n\n<p class=\"has-black-color has-text-color has-small-font-size\">obytn\u00e9 miestnosti: <strong>3<\/strong><\/p>\n\n\n\n<p><\/p>\n\n\n\n<p><\/p>\n\n\n\n<div class=\"wp-block-buttons is-layout-flex wp-block-buttons-is-layout-flex\"><\/div>\n<\/div><\/div>\n\n\n\n<div class=\"wp-block-media-text alignwide is-stacked-on-mobile has-background\" style=\"background-color:#f2f2f299;grid-template-columns:65% auto\"><figure class=\"wp-block-media-text__media\"><a href=\"http:\/\/limarch.sk\/?page_id=1078\"><img loading=\"lazy\" decoding=\"async\" width=\"1024\" height=\"501\" src=\"http:\/\/limarch.sk\/wp-content\/uploads\/viz-1-2-1024x501.jpg\" alt=\"\" class=\"wp-image-1085 size-full\" srcset=\"http:\/\/limarch.sk\/wp-content\/uploads\/viz-1-2-1024x501.jpg 1024w, http:\/\/limarch.sk\/wp-content\/uploads\/viz-1-2-300x147.jpg 300w, http:\/\/limarch.sk\/wp-content\/uploads\/viz-1-2-768x376.jpg 768w, http:\/\/limarch.sk\/wp-content\/uploads\/viz-1-2-1536x751.jpg 1536w, http:\/\/limarch.sk\/wp-content\/uploads\/viz-1-2.jpg 1852w\" sizes=\"auto, (max-width: 1024px) 100vw, 1024px\" \/><\/a><\/figure><div class=\"wp-block-media-text__content\">\n<h2 class=\"wp-block-heading has-text-color\" style=\"color:#000000;font-size:25px\"><strong><a href=\"https:\/\/www.limarch.sk\/?page_id=1078\" data-type=\"page\" data-id=\"1078\">DOM P <\/a><\/strong><\/h2>\n\n\n\n<hr class=\"wp-block-separator has-alpha-channel-opacity\"\/>\n\n\n\n<p class=\"has-black-color has-text-color has-small-font-size\">zastavan\u00e1 plocha:&nbsp; &nbsp;<strong>50 m\u00b2<\/strong><\/p>\n\n\n\n<p class=\"has-black-color has-text-color has-small-font-size\">\u00fa\u017eitkov\u00e1 plocha : &nbsp;<strong> 75 m\u00b2<\/strong><\/p>\n\n\n\n<p class=\"has-black-color has-text-color has-small-font-size\">podla\u017enos\u0165: <strong>1+podkrovie<\/strong><\/p>\n\n\n\n<p class=\"has-black-color has-text-color has-small-font-size\">obytn\u00e9 miestnosti: <strong>3<\/strong><\/p>\n\n\n\n<p class=\"has-black-color has-text-color\"><\/p>\n\n\n\n<p><\/p>\n\n\n\n<div class=\"wp-block-buttons is-layout-flex wp-block-buttons-is-layout-flex\"><\/div>\n<\/div><\/div>\n\n\n\n<div class=\"wp-block-media-text alignwide is-stacked-on-mobile\" style=\"grid-template-columns:65% auto\"><figure class=\"wp-block-media-text__media\"><a href=\"http:\/\/limarch.sk\/?page_id=1129\"><img decoding=\"async\" src=\"http:\/\/limarch.sk\/wp-content\/uploads\/Image1_003-1-1024x576.jpg\" alt=\"\" class=\"wp-image-1139 size-full\"\/><\/a><\/figure><div class=\"wp-block-media-text__content\">\n<h2 class=\"wp-block-heading has-text-color\" style=\"color:#000000;font-size:25px\"><strong><a href=\"https:\/\/www.limarch.sk\/?page_id=1129\" data-type=\"page\" data-id=\"1129\">DOM Z <\/a><\/strong><\/h2>\n\n\n\n<hr class=\"wp-block-separator has-alpha-channel-opacity\"\/>\n\n\n\n<p class=\"has-black-color has-text-color has-small-font-size\">zastavan\u00e1 plocha:&nbsp; &nbsp;<strong>80 m\u00b2<\/strong><\/p>\n\n\n\n<p class=\"has-black-color has-text-color has-small-font-size\">\u00fa\u017eitkov\u00e1 plocha : &nbsp;<strong> 68 m\u00b2<\/strong><\/p>\n\n\n\n<p class=\"has-black-color has-text-color has-small-font-size\">podla\u017enos\u0165: <strong>1+podkrovie<\/strong><\/p>\n\n\n\n<p class=\"has-black-color has-text-color has-small-font-size\">obytn\u00e9 miestnosti: <strong>3<\/strong><\/p>\n\n\n\n<p class=\"has-black-color has-text-color\"><\/p>\n\n\n\n<p><\/p>\n\n\n\n<div class=\"wp-block-buttons is-layout-flex wp-block-buttons-is-layout-flex\"><\/div>\n<\/div><\/div>\n\n\n\n<div class=\"wp-block-media-text alignwide is-stacked-on-mobile has-background\" style=\"background-color:#f2f2f299;grid-template-columns:65% auto\"><figure class=\"wp-block-media-text__media\"><a href=\"http:\/\/limarch.sk\/?page_id=1143\"><img loading=\"lazy\" decoding=\"async\" width=\"1024\" height=\"576\" src=\"http:\/\/limarch.sk\/wp-content\/uploads\/viz-1-ch-1024x576.jpg\" alt=\"\" class=\"wp-image-1183 size-full\" srcset=\"http:\/\/limarch.sk\/wp-content\/uploads\/viz-1-ch-1024x576.jpg 1024w, http:\/\/limarch.sk\/wp-content\/uploads\/viz-1-ch-300x169.jpg 300w, http:\/\/limarch.sk\/wp-content\/uploads\/viz-1-ch-768x432.jpg 768w, http:\/\/limarch.sk\/wp-content\/uploads\/viz-1-ch-1536x864.jpg 1536w, http:\/\/limarch.sk\/wp-content\/uploads\/viz-1-ch-640x360.jpg 640w, http:\/\/limarch.sk\/wp-content\/uploads\/viz-1-ch.jpg 1920w\" sizes=\"auto, (max-width: 1024px) 100vw, 1024px\" \/><\/a><\/figure><div class=\"wp-block-media-text__content\">\n<h2 class=\"wp-block-heading has-text-color\" style=\"color:#000000;font-size:25px\"><strong><a href=\"https:\/\/www.limarch.sk\/?page_id=1143\" data-type=\"page\" data-id=\"1143\">DOM CH<\/a> <\/strong><\/h2>\n\n\n\n<hr class=\"wp-block-separator has-alpha-channel-opacity\"\/>\n\n\n\n<p class=\"has-black-color has-text-color has-small-font-size\">zastavan\u00e1 plocha:&nbsp; &nbsp;<strong>40 m\u00b2<\/strong><\/p>\n\n\n\n<p class=\"has-black-color has-text-color has-small-font-size\">\u00fa\u017eitkov\u00e1 plocha : &nbsp;<strong> 64 m\u00b2<\/strong><\/p>\n\n\n\n<p class=\"has-black-color has-text-color has-small-font-size\">podla\u017enos\u0165: <strong>1+podkrovie<\/strong><\/p>\n\n\n\n<p class=\"has-black-color has-text-color has-small-font-size\">obytn\u00e9 miestnosti: <strong>4<\/strong><\/p>\n\n\n\n<p class=\"has-black-color has-text-color\"><\/p>\n\n\n\n<p><\/p>\n\n\n\n<div class=\"wp-block-buttons is-layout-flex wp-block-buttons-is-layout-flex\"><\/div>\n<\/div><\/div>\n\n\n\n<div class=\"wp-block-media-text alignwide is-stacked-on-mobile\" style=\"grid-template-columns:65% auto\"><figure class=\"wp-block-media-text__media\"><a href=\"http:\/\/limarch.sk\/?page_id=922\"><img loading=\"lazy\" decoding=\"async\" width=\"1024\" height=\"576\" src=\"http:\/\/limarch.sk\/wp-content\/uploads\/Image4_003-1024x576.jpg\" alt=\"\" class=\"wp-image-739 size-full\" srcset=\"http:\/\/limarch.sk\/wp-content\/uploads\/Image4_003-1024x576.jpg 1024w, http:\/\/limarch.sk\/wp-content\/uploads\/Image4_003-300x169.jpg 300w, http:\/\/limarch.sk\/wp-content\/uploads\/Image4_003-640x360.jpg 640w, http:\/\/limarch.sk\/wp-content\/uploads\/Image4_003.jpg 1200w\" sizes=\"auto, (max-width: 1024px) 100vw, 1024px\" \/><\/a><\/figure><div class=\"wp-block-media-text__content\">\n<h1 class=\"wp-block-heading has-text-color\" style=\"color:#000000;font-size:25px\"><strong><a href=\"http:\/\/limarch.sk\/?page_id=922\">DOM H<\/a> <\/strong><\/h1>\n\n\n\n<hr class=\"wp-block-separator has-alpha-channel-opacity\"\/>\n\n\n\n<p class=\"has-black-color has-text-color has-small-font-size\">zastavan\u00e1 plocha:&nbsp; &nbsp;<strong>40 m\u00b2<\/strong><\/p>\n\n\n\n<p class=\"has-black-color has-text-color has-small-font-size\">\u00fa\u017eitkov\u00e1 plocha : &nbsp;<strong> 58 m\u00b2<\/strong><\/p>\n\n\n\n<p class=\"has-black-color has-text-color has-small-font-size\">podla\u017enos\u0165: <strong> <strong>1+podkrovie<\/strong> <\/strong><\/p>\n\n\n\n<p class=\"has-black-color has-text-color has-small-font-size\">obytn\u00e9 miestnosti: <strong>3<\/strong><\/p>\n\n\n\n<p class=\"has-black-color has-text-color\"><\/p>\n\n\n\n<p><\/p>\n\n\n\n<div class=\"wp-block-buttons is-layout-flex wp-block-buttons-is-layout-flex\"><\/div>\n<\/div><\/div>\n","protected":false},"excerpt":{"rendered":"","protected":false},"author":1,"featured_media":0,"parent":0,"menu_order":0,"comment_status":"closed","ping_status":"open","template":"page-template-fullwidth.php","meta":{"footnotes":""},"class_list":["post-813","page","type-page","status-publish","hentry"],"_links":{"self":[{"href":"https:\/\/www.limarch.sk\/index.php?rest_route=\/wp\/v2\/pages\/813","targetHints":{"allow":["GET"]}}],"collection":[{"href":"https:\/\/www.limarch.sk\/index.php?rest_route=\/wp\/v2\/pages"}],"about":[{"href":"https:\/\/www.limarch.sk\/index.php?rest_route=\/wp\/v2\/types\/page"}],"author":[{"embeddable":true,"href":"https:\/\/www.limarch.sk\/index.php?rest_route=\/wp\/v2\/users\/1"}],"replies":[{"embeddable":true,"href":"https:\/\/www.limarch.sk\/index.php?rest_route=%2Fwp%2Fv2%2Fcomments&post=813"}],"version-history":[{"count":126,"href":"https:\/\/www.limarch.sk\/index.php?rest_route=\/wp\/v2\/pages\/813\/revisions"}],"predecessor-version":[{"id":1720,"href":"https:\/\/www.limarch.sk\/index.php?rest_route=\/wp\/v2\/pages\/813\/revisions\/1720"}],"wp:attachment":[{"href":"https:\/\/www.limarch.sk\/index.php?rest_route=%2Fwp%2Fv2%2Fmedia&parent=813"}],"curies":[{"name":"wp","href":"https:\/\/api.w.org\/{rel}","templated":true}]}}